{"id":7628,"date":"2017-02-11T05:51:53","date_gmt":"2017-02-11T05:51:53","guid":{"rendered":"https:\/\/www.af-luxury-cars.com\/?page_id=7628"},"modified":"2021-01-07T15:14:35","modified_gmt":"2021-01-07T15:14:35","slug":"contact-01","status":"publish","type":"page","link":"https:\/\/www.af-luxury-cars.com\/en\/contact-01\/","title":{"rendered":"Contact"},"content":{"rendered":"<p>[vc_row][vc_column]\t<div id=\"cd_space_69e16b2a82dc3\" class=\"cd-space cd-space-69e16b2a82de1\" data-id=\"69e16b2a82dc2\" data-tablet=\"70\" data-tablet-portrait=\"60\" data-mobile=\"50\" data-mobile-portrait=\"40\" data-desktop=\"80\" style=\"clear:both; display:block;\"><\/div>\n\t\t<div class=\"section-title text-left style_1\">\n\t\t\t\t\t\t<span>Notre \u00e9quipe est \u00e0 votre disposition<\/span>\n\t\t\t\t\t\t\t<h1>Prenons contact !<\/h1>\n\t\t\t\t\t\t\t<div class=\"separator\"><\/div>\n\t\t\t\t\t<\/div>\n\t[vc_row_inner][vc_column_inner width=&#8221;1\/2&#8243; css=&#8221;.vc_custom_1486988312064{margin-bottom: 30px !important;}&#8221; offset=&#8221;vc_col-lg-3 vc_col-md-3&#8243;]\t<div id=\"cd_feature_box_cd_feature_box_69e16b2a82e26\" class=\"feature-box feature-border style-4  vc_custom_1609942234177 default-feature box-hover no-image\t\t\t\t\t\t\">\n\t\t\t\t<div class=\"icon\">\n\t\t\t<i class=\"fas fa-map-marker-alt\"><\/i>\n\t\t<\/div>\n\t\t<div class=\"content\">\n\t\t\t<a  id=\"cd_feature_box_69e16b2a82e26\">        \t\t\n\t\t\t\t<h6>Adresse<\/h6>\t\t\t<\/a>\n\t\t\t<p>ZAC L\u00e9onard de Vinci 77600 Bussy Saint-Georges<\/p>\t\t<\/div>\n\t<\/div>\n\t[\/vc_column_inner][vc_column_inner width=&#8221;1\/2&#8243; css=&#8221;.vc_custom_1486988325061{margin-bottom: 30px !important;}&#8221; offset=&#8221;vc_col-lg-3 vc_col-md-3&#8243;]\t<div id=\"cd_feature_box_cd_feature_box_69e16b2a82e5a\" class=\"feature-box feature-border style-4  vc_custom_1609942269978 default-feature box-hover no-image\t\t\t\t\t\t\">\n\t\t\t\t<div class=\"icon\">\n\t\t\t<i class=\"fas fa-mobile-alt\"><\/i>\n\t\t<\/div>\n\t\t<div class=\"content\">\n\t\t\t<a  id=\"cd_feature_box_69e16b2a82e5a\">        \t\t\n\t\t\t\t<h6>T\u00e9l\u00e9phone<\/h6>\t\t\t<\/a>\n\t\t\t<p>+33 (0)1 85 42 02 39<\/p>\t\t<\/div>\n\t<\/div>\n\t[\/vc_column_inner][vc_column_inner width=&#8221;1\/2&#8243; css=&#8221;.vc_custom_1486988337707{margin-bottom: 30px !important;}&#8221; offset=&#8221;vc_col-lg-3 vc_col-md-3&#8243;]\t<div id=\"cd_feature_box_cd_feature_box_69e16b2a82e73\" class=\"feature-box feature-border style-4  vc_custom_1609942292894 default-feature box-hover no-image\t\t\t\t\t\t\">\n\t\t\t\t<div class=\"icon\">\n\t\t\t<i class=\"fas fa-envelope-open-text\"><\/i>\n\t\t<\/div>\n\t\t<div class=\"content\">\n\t\t\t<a  id=\"cd_feature_box_69e16b2a82e73\">        \t\t\n\t\t\t\t<h6>Email<\/h6>\t\t\t<\/a>\n\t\t\t<p>contact@af-luxury-cars.com<\/p>\t\t<\/div>\n\t<\/div>\n\t[\/vc_column_inner][vc_column_inner width=&#8221;1\/2&#8243; css=&#8221;.vc_custom_1486988349273{margin-bottom: 30px !important;}&#8221; offset=&#8221;vc_col-lg-3 vc_col-md-3&#8243;]\t<div id=\"cd_feature_box_cd_feature_box_69e16b2a82e88\" class=\"feature-box feature-border style-4  vc_custom_1487055827005 default-feature box-hover no-image\t\t\t\t\t\t\">\n\t\t\t\t<div class=\"icon\">\n\t\t\t<i class=\"fa fa-fax\"><\/i>\n\t\t<\/div>\n\t\t<div class=\"content\">\n\t\t\t<a  id=\"cd_feature_box_69e16b2a82e88\">        \t\t\n\t\t\t\t<h6>Fax<\/h6>\t\t\t<\/a>\n\t\t\t<p>(007) 123 456 7890<\/p>\t\t<\/div>\n\t<\/div>\n\t[\/vc_column_inner][\/vc_row_inner]\t<div id=\"cd_space_69e16b2a82e9c\" class=\"cd-space cd-space-69e16b2a82e9e\" data-id=\"69e16b2a82e9b\" data-tablet=\"50\" data-tablet-portrait=\"50\" data-mobile=\"50\" data-mobile-portrait=\"40\" data-desktop=\"50\" style=\"clear:both; display:block;\"><\/div>\n\t[vc_row_inner][vc_column_inner width=&#8221;1\/2&#8243; css=&#8221;.vc_custom_1486988381236{margin-bottom: 30px !important;}&#8221; offset=&#8221;vc_col-lg-8 vc_col-md-6&#8243;][vc_column_text]<div role=\"form\" class=\"wpcf7\" id=\"wpcf7-f2736-o1\" lang=\"en-US\" dir=\"ltr\">\n<div class=\"screen-reader-response\"><p role=\"status\" aria-live=\"polite\" aria-atomic=\"true\"><\/p> <ul><\/ul><\/div>\n<form action=\"\/en\/wp-json\/wp\/v2\/pages\/7628#wpcf7-f2736-o1\" method=\"post\" class=\"wpcf7-form init\" novalidate=\"novalidate\" data-status=\"init\">\n<div style=\"display: none;\">\n<input type=\"hidden\" name=\"_wpcf7\" value=\"2736\" \/>\n<input type=\"hidden\" name=\"_wpcf7_version\" value=\"5.3.2\" \/>\n<input type=\"hidden\" name=\"_wpcf7_locale\" value=\"en_US\" \/>\n<input type=\"hidden\" name=\"_wpcf7_unit_tag\" value=\"wpcf7-f2736-o1\" \/>\n<input type=\"hidden\" name=\"_wpcf7_container_post\" value=\"0\" \/>\n<input type=\"hidden\" name=\"_wpcf7_posted_data_hash\" value=\"\" \/>\n<\/div>\n<div class=\"contact-form row\">\n<div class=\"col-lg-4 col-md-4\">\n<div class=\"form-group\">\n\t\t\t<span class=\"wpcf7-form-control-wrap name\"><input type=\"text\" name=\"name\" value=\"\" size=\"40\" class=\"wpcf7-form-control wpcf7-text wpcf7-validates-as-required form-control\" aria-required=\"true\" aria-invalid=\"false\" placeholder=\"Nom*\" \/><\/span>\n\t\t<\/div><\/div>\n<div class=\"col-lg-4 col-md-4\">\n<div class=\"form-group\">\n\t\t\t<span class=\"wpcf7-form-control-wrap email\"><input type=\"email\" name=\"email\" value=\"\" size=\"40\" class=\"wpcf7-form-control wpcf7-text wpcf7-email wpcf7-validates-as-required wpcf7-validates-as-email form-control\" aria-required=\"true\" aria-invalid=\"false\" placeholder=\"Email*\" \/><\/span>\n\t\t<\/div><\/div>\n<div class=\"col-lg-4 col-md-4\">\n<div class=\"form-group\">\n\t\t\t<span class=\"wpcf7-form-control-wrap phone\"><input type=\"text\" name=\"phone\" value=\"\" size=\"40\" class=\"wpcf7-form-control wpcf7-text wpcf7-validates-as-required form-control input-message\" aria-required=\"true\" aria-invalid=\"false\" placeholder=\"T\u00e9l\u00e9phone*\" \/><\/span>\n\t\t<\/div><\/div>\n<div class=\"col-lg-12 col-md-12\">\n<div class=\"form-group\">\n\t\t\t<span class=\"wpcf7-form-control-wrap comment\"><textarea name=\"comment\" cols=\"40\" rows=\"10\" class=\"wpcf7-form-control wpcf7-textarea wpcf7-validates-as-required form-control\" aria-required=\"true\" aria-invalid=\"false\" placeholder=\"Un v\u00e9hicule m&#039;int\u00e9resse... *\"><\/textarea><\/span>\n\t\t<\/div><\/div>\n<div class=\"col-lg-12 col-md-12\">\n\t\t   <input type=\"submit\" value=\"Envoyer\" class=\"wpcf7-form-control wpcf7-submit button red\" \/>\n\t<\/div>\n<\/div>\n<div class=\"wpcf7-response-output\" aria-hidden=\"true\"><\/div><\/form><\/div>[\/vc_column_text][\/vc_column_inner][vc_column_inner width=&#8221;1\/2&#8243; css=&#8221;.vc_custom_1486988394617{margin-bottom: 30px !important;}&#8221; offset=&#8221;vc_col-lg-4 vc_col-md-6&#8243;]\t<div class=\"opening-hours gray-bg\">\n\t\t<h6>Opening Hours<\/h6>\n\t\t<ul class=\"list-style-none\">                \n\t\t\t<li><strong>Monday<\/strong>\n\t\t\t\t\t\t\t\t\t<span>9:00 AM to 9:00 PM<\/span>\t\t\t<\/li>\n\n\t\t\t<li><strong>Tuesday<\/strong>\n\t\t\t\t\t\t\t\t\t<span>9:00 AM to 9:00 PM<\/span>\n\t\t\t\t\t\t\t<\/li>\n\t\t\t<li><strong>Wednesday<\/strong>\n\t\t\t\t\t\t\t\t\t<span>9:00 AM to 9:00 PM<\/span>\n\t\t\t\t\t\t\t<\/li>\n\t\t\t<li><strong>Thursday<\/strong>\n\t\t\t\t\t\t\t\t\t<span>9:00 AM to 9:00 PM<\/span>\n\t\t\t\t\t\t\t<\/li>\n\t\t\t<li><strong>Friday<\/strong>\n\t\t\t\t\t\t\t\t\t<span>9:00 AM to 9:00 PM<\/span>\n\t\t\t\t\t\t\t<\/li>\n\t\t\t<li><strong>Saturday<\/strong>\n\t\t\t\t\t\t\t\t\t\t<span>9:00 AM to 9:00 PM<\/span>\n\t\t\t\t\t\t\t\t\t<\/li>\n\t\t\t\t<li><strong>Sunday<\/strong>\n\t\t\t\t\t\t\t\t\t\t\t<span>Closed<\/span>\n\t\t\t\t\t\t\t\t\t<\/li>\n\t\t\t<\/ul>\n\t\t<\/div>\n\t[\/vc_column_inner][\/vc_row_inner]\t<div id=\"cd_space_69e16b2a840d0\" class=\"cd-space cd-space-69e16b2a840d3\" data-id=\"69e16b2a840cf\" data-tablet=\"50\" data-tablet-portrait=\"40\" data-mobile=\"30\" data-mobile-portrait=\"20\" data-desktop=\"60\" style=\"clear:both; display:block;\"><\/div>\n\t[vc_row_inner][vc_column_inner css=&#8221;.vc_custom_1486988414117{margin-bottom: 30px !important;}&#8221; offset=&#8221;vc_col-lg-4 vc_col-md-4&#8243;]\t<div id=\"cd_feature_box_cd_feature_box_69e16b2a840e6\" class=\"feature-box feature-border style-7 round-border box-hover no-image\t\t\t\t\t\t\">\n\t\t\t\t<div class=\"icon\">\n\t\t\t<i class=\"far fa-eye\"><\/i>\n\t\t<\/div>\n\t\t<div class=\"content\">\n\t\t\t<a  id=\"cd_feature_box_69e16b2a840e6\">        \t\t\n\t\t\t\t<h6>Pr\u00e9sentation possible<\/h6>\t\t\t<\/a>\n\t\t\t<p>Un de nos v\u00e9hicules vous int\u00e9resse ? Prenons contact pour programmer une visite du v\u00e9hicule.<\/p>\t\t<\/div>\n\t<\/div>\n\t[\/vc_column_inner][vc_column_inner css=&#8221;.vc_custom_1486988433605{margin-bottom: 30px !important;}&#8221; offset=&#8221;vc_col-lg-4 vc_col-md-4&#8243;]\t<div id=\"cd_feature_box_cd_feature_box_69e16b2a840ff\" class=\"feature-box feature-border style-7 round-border box-hover no-image\t\t\t\t\t\t\">\n\t\t\t\t<div class=\"icon\">\n\t\t\t<i class=\"far fa-life-ring\"><\/i>\n\t\t<\/div>\n\t\t<div class=\"content\">\n\t\t\t<a  id=\"cd_feature_box_69e16b2a840ff\">        \t\t\n\t\t\t\t<h6>Une \u00e9quipe disponible pour vous<\/h6>\t\t\t<\/a>\n\t\t\t<p>Chacune de vos demandes sont trait\u00e9es avec soin.<\/p>\t\t<\/div>\n\t<\/div>\n\t[\/vc_column_inner][vc_column_inner css=&#8221;.vc_custom_1486988444287{margin-bottom: 30px !important;}&#8221; offset=&#8221;vc_col-lg-4 vc_col-md-4&#8243;]\t<div id=\"cd_feature_box_cd_feature_box_69e16b2a84114\" class=\"feature-box feature-border style-7 round-border box-hover no-image\t\t\t\t\t\t\">\n\t\t\t\t<div class=\"icon\">\n\t\t\t<i class=\"far fa-star\"><\/i>\n\t\t<\/div>\n\t\t<div class=\"content\">\n\t\t\t<a  id=\"cd_feature_box_69e16b2a84114\">        \t\t\n\t\t\t\t<h6>Diff\u00e9renciez vous<\/h6>\t\t\t<\/a>\n\t\t\t<p>Les v\u00e9hicules que nous vous proposons font parti des plus rares du march\u00e9 fran\u00e7ais.<\/p>\t\t<\/div>\n\t<\/div>\n\t[\/vc_column_inner][\/vc_row_inner]\t<div id=\"cd_space_69e16b2a84127\" class=\"cd-space cd-space-69e16b2a84129\" data-id=\"69e16b2a84126\" data-tablet=\"50\" data-tablet-portrait=\"50\" data-mobile=\"50\" data-mobile-portrait=\"40\" data-desktop=\"50\" style=\"clear:both; display:block;\"><\/div>\n\t[\/vc_column][\/vc_row]<\/p>\n","protected":false},"excerpt":{"rendered":"<p>[vc_row][vc_column][vc_row_inner][vc_column_inner width=&#8221;1\/2&#8243; css=&#8221;.vc_custom_1486988312064{margin-bottom: 30px !important;}&#8221; offset=&#8221;vc_col-lg-3 vc_col-md-3&#8243;][\/vc_column_inner][vc_column_inner width=&#8221;1\/2&#8243; css=&#8221;.vc_custom_1486988325061{margin-bottom: 30px !important;}&#8221; offset=&#8221;vc_col-lg-3 vc_col-md-3&#8243;][\/vc_column_inner][vc_column_inner width=&#8221;1\/2&#8243; css=&#8221;.vc_custom_1486988337707{margin-bottom: 30px !important;}&#8221; offset=&#8221;vc_col-lg-3 vc_col-md-3&#8243;][\/vc_column_inner][vc_column_inner width=&#8221;1\/2&#8243; css=&#8221;.vc_custom_1486988349273{margin-bottom: 30px !important;}&#8221; offset=&#8221;vc_col-lg-3 vc_col-md-3&#8243;][\/vc_column_inner][\/vc_row_inner][vc_row_inner][vc_column_inner width=&#8221;1\/2&#8243; css=&#8221;.vc_custom_1486988381236{margin-bottom: 30px !important;}&#8221; offset=&#8221;vc_col-lg-8 vc_col-md-6&#8243;][vc_column_text][\/vc_column_text][\/vc_column_inner][vc_column_inner width=&#8221;1\/2&#8243; css=&#8221;.vc_custom_1486988394617{margin-bottom: 30px !important;}&#8221; offset=&#8221;vc_col-lg-4 vc_col-md-6&#8243;][\/vc_column_inner][\/vc_row_inner][vc_row_inner][vc_column_inner css=&#8221;.vc_custom_1486988414117{margin-bottom: 30px !important;}&#8221; offset=&#8221;vc_col-lg-4 vc_col-md-4&#8243;][\/vc_column_inner][vc_column_inner css=&#8221;.vc_custom_1486988433605{margin-bottom: 30px !important;}&#8221; offset=&#8221;vc_col-lg-4 vc_col-md-4&#8243;][\/vc_column_inner][vc_column_inner css=&#8221;.vc_custom_1486988444287{margin-bottom: 30px !important;}&#8221; offset=&#8221;vc_col-lg-4 vc_col-md-4&#8243;][\/vc_column_inner][\/vc_row_inner][\/vc_column][\/vc_row]<\/p>\n","protected":false},"author":1,"featured_media":0,"parent":0,"menu_order":0,"comment_status":"closed","ping_status":"closed","template":"templates\/page-vc_compatible.php","meta":[],"_links":{"self":[{"href":"https:\/\/www.af-luxury-cars.com\/en\/wp-json\/wp\/v2\/pages\/7628"}],"collection":[{"href":"https:\/\/www.af-luxury-cars.com\/en\/wp-json\/wp\/v2\/pages"}],"about":[{"href":"https:\/\/www.af-luxury-cars.com\/en\/wp-json\/wp\/v2\/types\/page"}],"author":[{"embeddable":true,"href":"https:\/\/www.af-luxury-cars.com\/en\/wp-json\/wp\/v2\/users\/1"}],"replies":[{"embeddable":true,"href":"https:\/\/www.af-luxury-cars.com\/en\/wp-json\/wp\/v2\/comments?post=7628"}],"version-history":[{"count":1,"href":"https:\/\/www.af-luxury-cars.com\/en\/wp-json\/wp\/v2\/pages\/7628\/revisions"}],"predecessor-version":[{"id":7630,"href":"https:\/\/www.af-luxury-cars.com\/en\/wp-json\/wp\/v2\/pages\/7628\/revisions\/7630"}],"wp:attachment":[{"href":"https:\/\/www.af-luxury-cars.com\/en\/wp-json\/wp\/v2\/media?parent=7628"}],"curies":[{"name":"wp","href":"https:\/\/api.w.org\/{rel}","templated":true}]}}